{"id":63665,"date":"2025-06-04T09:55:41","date_gmt":"2025-06-04T08:55:41","guid":{"rendered":"https:\/\/www.ciimar.up.pt\/sociedade\/25-anos\/"},"modified":"2025-07-14T14:31:29","modified_gmt":"2025-07-14T13:31:29","slug":"25-anos","status":"publish","type":"page","link":"https:\/\/dev.ciimar.up.pt\/pt-pt\/sociedade\/25-anos\/","title":{"rendered":"25 anos"},"content":{"rendered":"<h1>O CIIMAR est\u00e1 a celebrar o seu 25\u00ba anivers\u00e1rio!<\/h1>\n<figure><img decoding=\"async\" src=\"https:\/\/dev.ciimar.up.pt\/wp-content\/uploads\/2025\/03\/LMD_250302-0304-scaled.jpg\" alt=\"LMD_250302-0304\" \/><\/figure>\n<figure><img decoding=\"async\" src=\"https:\/\/dev.ciimar.up.pt\/wp-content\/uploads\/2025\/03\/LMD_250301-0001-scaled.jpg\" alt=\"LMD_250301-0001\" \/><\/figure>\n<figure><img decoding=\"async\" src=\"https:\/\/dev.ciimar.up.pt\/wp-content\/uploads\/2025\/03\/LMD_250302-0399-scaled.jpg\" alt=\"LMD_250302-0399\" \/><\/figure>\n<p data-start=\"0\" data-end=\"346\">Para assinalar a data, a comunidade CIIMAR ir\u00e1 organizar, ao longo do ano, v\u00e1rios eventos assentes em quatro pilares: Sustentabilidade, Sociedade, Arte e Cultura, e Diversidade e Bem-Estar. Estes eventos ser\u00e3o maioritariamente dirigidos \u00e0 comunidade CIIMAR, mas algumas iniciativas estar\u00e3o abertas aos nossos stakeholders e ao p\u00fablico em geral.<\/p>\n<p data-start=\"348\" data-end=\"523\">Al\u00e9m disso, a hist\u00f3ria do CIIMAR e o seu contributo para a ci\u00eancia e para a sociedade ser\u00e3o destacados numa s\u00e9rie de 25 v\u00eddeos a serem lan\u00e7ados ao longo do ano comemorativo.<\/p>\n<p data-start=\"525\" data-end=\"767\" data-is-last-node=\"\" data-is-only-node=\"\">Esta p\u00e1gina ser\u00e1 atualizada regularmente com novidades sobre o programa das celebra\u00e7\u00f5es.<br \/><br data-start=\"613\" data-end=\"616\" \/>O 25.\u00ba anivers\u00e1rio decorre sob o mote \u201cNovos Horizontes\u201d, antecipando o que a comunidade do CIIMAR ainda tem por explorar nos pr\u00f3ximos anos.<\/p>\n<h2>Pr\u00f3ximos eventos<\/h2>\n<h3>SOCIEDADE<\/h3>\n<p><strong>8 de setembro:<\/strong> Confer\u00eancia Novos Horizontes<\/p>\n<p><strong>9 de setembro:<\/strong> Encontro anual do CIIMAR<\/p>\n<p><strong>10 de setembro:<\/strong><a href=\"https:\/\/dev.ciimar.up.pt\/events\/blue-think-conference-2025\/\"> Confer\u00eancia Blue Think 2025<\/a><\/p>\n<h2>Eventos anteriores<\/h2>\n<h3>SUSTENTABILIDADE<\/h3>\n<p><strong>3 de junho:<\/strong> \u201cPiquenique sobre rodas\u201d no Dia Mundial da Bicicleta<\/p>\n<p><strong>2 de junho:<\/strong> Oficina de repara\u00e7\u00e3o de bicicletas para o Dia Mundial da Bicicleta<\/p>\n<p><strong>26 a 30 de maio:<\/strong> Semana da Sustentabilidade<\/p>\n<h3>SOCIEDADE<\/h3>\n<p><strong>1 de mar\u00e7o:<\/strong> <a href=\"https:\/\/dev.ciimar.up.pt\/ciimar-celebrates-25-years-with-a-roaring-twenties-gala-night\/\">Jantar do 25\u00ba\u00a0anivers\u00e1rio do CIIMAR<\/a><\/p>\n<p><strong>8 de junho:<\/strong> <a href=\"https:\/\/dev.ciimar.up.pt\/events\/world-oceans-day-scientists-and-sailors-together-to-protect-the-oceans\/\">Dia Mundial dos Oceanos: cientistas e marinheiros juntam-se para proteger os oceanos<\/a><\/p>\n<p>\t\t\t\t\t\t\t\t\t\t\t\t\t\t\t<img fetchpriority=\"high\" decoding=\"async\" width=\"800\" height=\"450\" src=\"https:\/\/dev.ciimar.up.pt\/wp-content\/uploads\/2025\/06\/image-1024x576.png\" alt=\"\" srcset=\"https:\/\/dev.ciimar.up.pt\/wp-content\/uploads\/2025\/06\/image-1024x576.png 1024w, https:\/\/dev.ciimar.up.pt\/wp-content\/uploads\/2025\/06\/image-300x169.png 300w, https:\/\/dev.ciimar.up.pt\/wp-content\/uploads\/2025\/06\/image-768x432.png 768w, https:\/\/dev.ciimar.up.pt\/wp-content\/uploads\/2025\/06\/image-1536x864.png 1536w, https:\/\/dev.ciimar.up.pt\/wp-content\/uploads\/2025\/06\/image-2048x1152.png 2048w\" sizes=\"(max-width: 800px) 100vw, 800px\" \/>\t\t\t\t\t\t\t\t\t\t\t\t\t\t\t<\/p>\n<h2>25 Tons de Azul<\/h2>\n<p>No \u00e2mbito das comemora\u00e7\u00f5es do seu 25\u00ba anivers\u00e1rio, o CIIMAR lan\u00e7a a s\u00e9rie de v\u00eddeos \u201c25 Tons de Azul\u201d. Reflectindo o impacto que o centro de investiga\u00e7\u00e3o teve nos \u00faltimos 25 anos, a s\u00e9rie convida a mergulhar nas principais \u00e1reas de a\u00e7\u00e3o do CIIMAR.<\/p>\n<p>https:\/\/www.youtube.com\/watch?v=CZ9zT54PiYwhttps:\/\/www.youtube.com\/watch?v=J69uVzFtXFEhttps:\/\/www.youtube.com\/watch?v=YxrSJigzKYs<\/p>\n","protected":false},"excerpt":{"rendered":"<p>O CIIMAR est\u00e1 a celebrar o seu 25\u00ba anivers\u00e1rio! Para assinalar a data, a comunidade CIIMAR ir\u00e1 organizar, ao longo do ano, v\u00e1rios eventos assentes em quatro pilares: Sustentabilidade, Sociedade, Arte e Cultura, e Diversidade e Bem-Estar. Estes eventos ser\u00e3o maioritariamente dirigidos \u00e0 comunidade CIIMAR, mas algumas iniciativas estar\u00e3o abertas aos nossos stakeholders e ao [&hellip;]<\/p>\n","protected":false},"author":3,"featured_media":0,"parent":33256,"menu_order":0,"comment_status":"closed","ping_status":"closed","template":"","meta":{"_acf_changed":false,"footnotes":""},"class_list":["post-63665","page","type-page","status-publish","hentry"],"acf":[],"_links":{"self":[{"href":"https:\/\/dev.ciimar.up.pt\/pt-pt\/wp-json\/wp\/v2\/pages\/63665","targetHints":{"allow":["GET"]}}],"collection":[{"href":"https:\/\/dev.ciimar.up.pt\/pt-pt\/wp-json\/wp\/v2\/pages"}],"about":[{"href":"https:\/\/dev.ciimar.up.pt\/pt-pt\/wp-json\/wp\/v2\/types\/page"}],"author":[{"embeddable":true,"href":"https:\/\/dev.ciimar.up.pt\/pt-pt\/wp-json\/wp\/v2\/users\/3"}],"replies":[{"embeddable":true,"href":"https:\/\/dev.ciimar.up.pt\/pt-pt\/wp-json\/wp\/v2\/comments?post=63665"}],"version-history":[{"count":28,"href":"https:\/\/dev.ciimar.up.pt\/pt-pt\/wp-json\/wp\/v2\/pages\/63665\/revisions"}],"predecessor-version":[{"id":64623,"href":"https:\/\/dev.ciimar.up.pt\/pt-pt\/wp-json\/wp\/v2\/pages\/63665\/revisions\/64623"}],"up":[{"embeddable":true,"href":"https:\/\/dev.ciimar.up.pt\/pt-pt\/wp-json\/wp\/v2\/pages\/33256"}],"wp:attachment":[{"href":"https:\/\/dev.ciimar.up.pt\/pt-pt\/wp-json\/wp\/v2\/media?parent=63665"}],"curies":[{"name":"wp","href":"https:\/\/api.w.org\/{rel}","templated":true}]}}