{"id":33268,"date":"2023-06-27T10:00:00","date_gmt":"2023-06-27T10:00:00","guid":{"rendered":"https:\/\/work.glitz-design.com\/ciimar\/inovacao\/spin-offs"},"modified":"2024-06-11T14:04:22","modified_gmt":"2024-06-11T14:04:22","slug":"spin-offs","status":"publish","type":"page","link":"https:\/\/dev.ciimar.up.pt\/pt-pt\/inovacao\/spin-offs\/","title":{"rendered":"Spin Offs"},"content":{"rendered":"\t\t<div data-elementor-type=\"wp-page\" data-elementor-id=\"33268\" class=\"elementor elementor-33268 elementor-7050\" data-elementor-post-type=\"page\">\n\t\t\t\t<div class=\"elementor-element elementor-element-480cee8 e-flex e-con-boxed e-con e-parent\" data-id=\"480cee8\" data-element_type=\"container\">\n\t\t\t\t\t<div class=\"e-con-inner\">\n\t\t\t\t<div class=\"elementor-element elementor-element-6a6f7ee elementor-widget elementor-widget-heading\" data-id=\"6a6f7ee\" data-element_type=\"widget\" data-widget_type=\"heading.default\">\n\t\t\t\t<div class=\"elementor-widget-container\">\n\t\t\t\t\t<h5 class=\"elementor-heading-title elementor-size-default\">Spin Offs<\/h5>\t\t\t\t<\/div>\n\t\t\t\t<\/div>\n\t\t\t\t<div class=\"elementor-element elementor-element-cf3f162 elementor-widget__width-initial elementor-widget elementor-widget-heading\" data-id=\"cf3f162\" data-element_type=\"widget\" data-widget_type=\"heading.default\">\n\t\t\t\t<div class=\"elementor-widget-container\">\n\t\t\t\t\t<h2 class=\"elementor-heading-title elementor-size-default\">Pioneiros de uma economia azul sustent\u00e1vel<\/h2>\t\t\t\t<\/div>\n\t\t\t\t<\/div>\n\t\t\t\t<div class=\"elementor-element elementor-element-186a824 elementor-widget__width-initial elementor-widget elementor-widget-text-editor\" data-id=\"186a824\" data-element_type=\"widget\" data-widget_type=\"text-editor.default\">\n\t\t\t\t<div class=\"elementor-widget-container\">\n\t\t\t\t\t\t\t\t\t<p>A tecnologia est\u00e1 na vanguarda da resposta aos desafios da mudan\u00e7a ambiental, alimentando o aparecimento de ideias disruptivas e remodelando o panorama empresarial. Programas de acelera\u00e7\u00e3o como o BIP e o Blue Bio Value apoiam os empres\u00e1rios a transformar as suas ideias inovadoras em empresas de sucesso. Em \u00faltima an\u00e1lise, as Spin Offs da CIIMAR criam valor e abordam desafios sociais atrav\u00e9s do empreendedorismo, impulsionando a inova\u00e7\u00e3o e o crescimento da economia azul.<\/p>\n\t\t\t\t\t\t\t\t<\/div>\n\t\t\t\t<\/div>\n\t\t\t\t\t<\/div>\n\t\t\t\t<\/div>\n\t\t<div class=\"elementor-element elementor-element-f5f5213 e-flex e-con-boxed e-con e-parent\" data-id=\"f5f5213\" data-element_type=\"container\">\n\t\t\t\t\t<div class=\"e-con-inner\">\n\t\t<div class=\"elementor-element elementor-element-c9af39e e-flex e-con-boxed e-con e-child\" data-id=\"c9af39e\" data-element_type=\"container\" data-settings=\"{&quot;background_background&quot;:&quot;classic&quot;}\">\n\t\t\t\t\t<div class=\"e-con-inner\">\n\t\t<div data-dce-background-color=\"#ABD8E6\" class=\"elementor-element elementor-element-61d40e5 e-flex e-con-boxed e-con e-child\" data-id=\"61d40e5\" data-element_type=\"container\" data-settings=\"{&quot;background_background&quot;:&quot;classic&quot;}\">\n\t\t\t\t\t<div class=\"e-con-inner\">\n\t\t\t\t<div class=\"elementor-element elementor-element-3769c73 elementor-widget elementor-widget-image\" data-id=\"3769c73\" data-element_type=\"widget\" data-widget_type=\"image.default\">\n\t\t\t\t<div class=\"elementor-widget-container\">\n\t\t\t\t\t\t\t\t\t\t\t\t\t\t\t<img fetchpriority=\"high\" decoding=\"async\" width=\"560\" height=\"636\" src=\"https:\/\/dev.ciimar.up.pt\/wp-content\/uploads\/2023\/09\/iss-1.png\" class=\"attachment-large size-large wp-image-33034\" alt=\"\" srcset=\"https:\/\/dev.ciimar.up.pt\/wp-content\/uploads\/2023\/09\/iss-1.png 560w, https:\/\/dev.ciimar.up.pt\/wp-content\/uploads\/2023\/09\/iss-1-264x300.png 264w\" sizes=\"(max-width: 560px) 100vw, 560px\" \/>\t\t\t\t\t\t\t\t\t\t\t\t\t\t\t<\/div>\n\t\t\t\t<\/div>\n\t\t\t\t\t<\/div>\n\t\t\t\t<\/div>\n\t\t<div class=\"elementor-element elementor-element-16177e7 e-flex e-con-boxed e-con e-child\" data-id=\"16177e7\" data-element_type=\"container\">\n\t\t\t\t\t<div class=\"e-con-inner\">\n\t\t\t\t<div class=\"elementor-element elementor-element-d2d5528 elementor-widget elementor-widget-heading\" data-id=\"d2d5528\" data-element_type=\"widget\" data-widget_type=\"heading.default\">\n\t\t\t\t<div class=\"elementor-widget-container\">\n\t\t\t\t\t<h5 class=\"elementor-heading-title elementor-size-default\">\u00cdncllita Solu\u00e7\u00f5es em Algas Marinhas<\/h5>\t\t\t\t<\/div>\n\t\t\t\t<\/div>\n\t\t\t\t<div class=\"elementor-element elementor-element-d3f560e elementor-widget__width-initial elementor-widget elementor-widget-text-editor\" data-id=\"d3f560e\" data-element_type=\"widget\" data-widget_type=\"text-editor.default\">\n\t\t\t\t<div class=\"elementor-widget-container\">\n\t\t\t\t\t\t\t\t\t<div class=\"page\" title=\"P\u00e1gina 14\">\n<div class=\"layoutArea\">\n<div class=\"column\">\n<p>A \u00cdnclita Seaweed Solutions (ISS) \u00e9 uma empresa portuguesa que aproveita o poder das algas marinhas para criar ingredientes bioactivos, colaborando com produtores sustent\u00e1veis de algas marinhas e aplicando ci\u00eancia de ponta para fornecer produtos naturais e com baixo teor de carbono. A ISS oferece ingredientes de alta qualidade a diversas ind\u00fastrias, tais como a cosm\u00e9tica, a nutrac\u00eautica, a petc\u00eautica e a de alimentos e bebidas funcionais<\/p>\n<\/div>\n<\/div>\n<\/div>\n\t\t\t\t\t\t\t\t<\/div>\n\t\t\t\t<\/div>\n\t\t\t\t<div class=\"elementor-element elementor-element-dc9e9ad elementor-widget elementor-widget-button\" data-id=\"dc9e9ad\" data-element_type=\"widget\" data-widget_type=\"button.default\">\n\t\t\t\t<div class=\"elementor-widget-container\">\n\t\t\t\t\t\t\t\t\t<div class=\"elementor-button-wrapper\">\n\t\t\t\t\t<a class=\"elementor-button elementor-button-link elementor-size-sm\" href=\"https:\/\/www.inclitaseaweedsolutions.com\/\" target=\"_blank\">\n\t\t\t\t\t\t<span class=\"elementor-button-content-wrapper\">\n\t\t\t\t\t\t<span class=\"elementor-button-icon\">\n\t\t\t\t<i aria-hidden=\"true\" class=\"fas fa-arrow-right\"><\/i>\t\t\t<\/span>\n\t\t\t\t\t\t\t\t\t<span class=\"elementor-button-text\">Website<\/span>\n\t\t\t\t\t<\/span>\n\t\t\t\t\t<\/a>\n\t\t\t\t<\/div>\n\t\t\t\t\t\t\t\t<\/div>\n\t\t\t\t<\/div>\n\t\t\t\t\t<\/div>\n\t\t\t\t<\/div>\n\t\t\t\t\t<\/div>\n\t\t\t\t<\/div>\n\t\t<div class=\"elementor-element elementor-element-39ab423 e-flex e-con-boxed e-con e-child\" data-id=\"39ab423\" data-element_type=\"container\" data-settings=\"{&quot;background_background&quot;:&quot;classic&quot;}\">\n\t\t\t\t\t<div class=\"e-con-inner\">\n\t\t<div class=\"elementor-element elementor-element-66473e3 e-flex e-con-boxed e-con e-child\" data-id=\"66473e3\" data-element_type=\"container\" data-settings=\"{&quot;background_background&quot;:&quot;classic&quot;}\">\n\t\t\t\t\t<div class=\"e-con-inner\">\n\t\t\t\t<div class=\"elementor-element elementor-element-a86166d elementor-widget elementor-widget-heading\" data-id=\"a86166d\" data-element_type=\"widget\" data-widget_type=\"heading.default\">\n\t\t\t\t<div class=\"elementor-widget-container\">\n\t\t\t\t\t<h5 class=\"elementor-heading-title elementor-size-default\">Fykia Biotech<\/h5>\t\t\t\t<\/div>\n\t\t\t\t<\/div>\n\t\t\t\t<div class=\"elementor-element elementor-element-5bebb53 elementor-widget__width-initial elementor-widget elementor-widget-text-editor\" data-id=\"5bebb53\" data-element_type=\"widget\" data-widget_type=\"text-editor.default\">\n\t\t\t\t<div class=\"elementor-widget-container\">\n\t\t\t\t\t\t\t\t\t<div class=\"page\" title=\"P\u00e1gina 14\">\n<div class=\"layoutArea\">\n<div class=\"column\">\n<p>A Fykia \u00e9 uma jovem empresa de biotecnologia de microalgas, que se dedica \u00e0 investiga\u00e7\u00e3o intensiva e que desenvolve solu\u00e7\u00f5es inovadoras, baseadas em microalgas exclusivas e em tecnologias pr\u00f3prias, para resolver problemas modernos nos dom\u00ednios dos cuidados de sa\u00fade, dos cuidados da pele e da agricultura. A Fykia est\u00e1 sediada na sede do CIIMAR, na \u00e1rea metropolitana do Porto, em Portugal, um centro de atividade para a tecnologia das algas.<\/p>\n<\/div>\n<\/div>\n<\/div>\n\t\t\t\t\t\t\t\t<\/div>\n\t\t\t\t<\/div>\n\t\t\t\t<div class=\"elementor-element elementor-element-114c025 elementor-widget elementor-widget-button\" data-id=\"114c025\" data-element_type=\"widget\" data-widget_type=\"button.default\">\n\t\t\t\t<div class=\"elementor-widget-container\">\n\t\t\t\t\t\t\t\t\t<div class=\"elementor-button-wrapper\">\n\t\t\t\t\t<a class=\"elementor-button elementor-button-link elementor-size-sm\" href=\"mailto:algae@fykia.pt\" target=\"_blank\">\n\t\t\t\t\t\t<span class=\"elementor-button-content-wrapper\">\n\t\t\t\t\t\t<span class=\"elementor-button-icon\">\n\t\t\t\t<i aria-hidden=\"true\" class=\"fas fa-arrow-right\"><\/i>\t\t\t<\/span>\n\t\t\t\t\t\t\t\t\t<span class=\"elementor-button-text\">Contacto<\/span>\n\t\t\t\t\t<\/span>\n\t\t\t\t\t<\/a>\n\t\t\t\t<\/div>\n\t\t\t\t\t\t\t\t<\/div>\n\t\t\t\t<\/div>\n\t\t\t\t<div class=\"elementor-element elementor-element-d6241b7 elementor-widget elementor-widget-button\" data-id=\"d6241b7\" data-element_type=\"widget\" data-widget_type=\"button.default\">\n\t\t\t\t<div class=\"elementor-widget-container\">\n\t\t\t\t\t\t\t\t\t<div class=\"elementor-button-wrapper\">\n\t\t\t\t\t<a class=\"elementor-button elementor-button-link elementor-size-sm\" href=\"https:\/\/www.fykia.pt\/\" target=\"_blank\">\n\t\t\t\t\t\t<span class=\"elementor-button-content-wrapper\">\n\t\t\t\t\t\t<span class=\"elementor-button-icon\">\n\t\t\t\t<i aria-hidden=\"true\" class=\"fas fa-arrow-right\"><\/i>\t\t\t<\/span>\n\t\t\t\t\t\t\t\t\t<span class=\"elementor-button-text\">Website<\/span>\n\t\t\t\t\t<\/span>\n\t\t\t\t\t<\/a>\n\t\t\t\t<\/div>\n\t\t\t\t\t\t\t\t<\/div>\n\t\t\t\t<\/div>\n\t\t\t\t\t<\/div>\n\t\t\t\t<\/div>\n\t\t<div data-dce-background-color=\"#BDDBC4\" class=\"elementor-element elementor-element-46cedf7 e-flex e-con-boxed e-con e-child\" data-id=\"46cedf7\" data-element_type=\"container\" data-settings=\"{&quot;background_background&quot;:&quot;classic&quot;}\">\n\t\t\t\t\t<div class=\"e-con-inner\">\n\t\t\t\t<div class=\"elementor-element elementor-element-ba6a79f elementor-widget elementor-widget-image\" data-id=\"ba6a79f\" data-element_type=\"widget\" data-widget_type=\"image.default\">\n\t\t\t\t<div class=\"elementor-widget-container\">\n\t\t\t\t\t\t\t\t\t\t\t\t\t\t\t<img decoding=\"async\" width=\"800\" height=\"579\" src=\"https:\/\/dev.ciimar.up.pt\/wp-content\/uploads\/2023\/09\/logo_cores_Fykia_300.webp\" class=\"attachment-large size-large wp-image-33033\" alt=\"\" srcset=\"https:\/\/dev.ciimar.up.pt\/wp-content\/uploads\/2023\/09\/logo_cores_Fykia_300.webp 940w, https:\/\/dev.ciimar.up.pt\/wp-content\/uploads\/2023\/09\/logo_cores_Fykia_300-300x217.webp 300w, https:\/\/dev.ciimar.up.pt\/wp-content\/uploads\/2023\/09\/logo_cores_Fykia_300-768x556.webp 768w\" sizes=\"(max-width: 800px) 100vw, 800px\" \/>\t\t\t\t\t\t\t\t\t\t\t\t\t\t\t<\/div>\n\t\t\t\t<\/div>\n\t\t\t\t\t<\/div>\n\t\t\t\t<\/div>\n\t\t\t\t\t<\/div>\n\t\t\t\t<\/div>\n\t\t\t\t\t<\/div>\n\t\t\t\t<\/div>\n\t\t<div class=\"elementor-element elementor-element-5342474 e-flex e-con-boxed e-con e-parent\" data-id=\"5342474\" data-element_type=\"container\">\n\t\t\t\t\t<div class=\"e-con-inner\">\n\t\t\t\t<div class=\"elementor-element elementor-element-7495d01 elementor-widget__width-initial elementor-widget elementor-widget-text-editor\" data-id=\"7495d01\" data-element_type=\"widget\" data-widget_type=\"text-editor.default\">\n\t\t\t\t<div class=\"elementor-widget-container\">\n\t\t\t\t\t\t\t\t\t<p>Se voc\u00ea \u00e9 afiliado ao CIIMAR, pode contatar o escrit\u00f3rio de Transfer\u00eancia de Tecnologia e Desenvolvimento de Neg\u00f3cios para obter mais informa\u00e7\u00f5es sobre como proteger os resultados de sua pesquisa.<\/p>\t\t\t\t\t\t\t\t<\/div>\n\t\t\t\t<\/div>\n\t\t\t\t<div class=\"elementor-element elementor-element-0b092a4 elementor-align-center elementor-widget elementor-widget-button\" data-id=\"0b092a4\" data-element_type=\"widget\" data-widget_type=\"button.default\">\n\t\t\t\t<div class=\"elementor-widget-container\">\n\t\t\t\t\t\t\t\t\t<div class=\"elementor-button-wrapper\">\n\t\t\t\t\t<a class=\"elementor-button elementor-button-link elementor-size-sm\" href=\"mailto:techtransfer@ciimar.up.pt\">\n\t\t\t\t\t\t<span class=\"elementor-button-content-wrapper\">\n\t\t\t\t\t\t<span class=\"elementor-button-icon\">\n\t\t\t\t<i aria-hidden=\"true\" class=\"fas fa-arrow-right\"><\/i>\t\t\t<\/span>\n\t\t\t\t\t\t\t\t\t<span class=\"elementor-button-text\">Contacte-nos<\/span>\n\t\t\t\t\t<\/span>\n\t\t\t\t\t<\/a>\n\t\t\t\t<\/div>\n\t\t\t\t\t\t\t\t<\/div>\n\t\t\t\t<\/div>\n\t\t\t\t\t<\/div>\n\t\t\t\t<\/div>\n\t\t\t\t<\/div>\n\t\t","protected":false},"excerpt":{"rendered":"<p>Spin Offs Pioneiros de uma economia azul sustent\u00e1vel A tecnologia est\u00e1 na vanguarda da resposta aos desafios da mudan\u00e7a ambiental, alimentando o aparecimento de ideias disruptivas e remodelando o panorama empresarial. Programas de acelera\u00e7\u00e3o como o BIP e o Blue Bio Value apoiam os empres\u00e1rios a transformar as suas ideias inovadoras em empresas de sucesso. [&hellip;]<\/p>\n","protected":false},"author":1,"featured_media":0,"parent":33258,"menu_order":0,"comment_status":"closed","ping_status":"closed","template":"","meta":{"_acf_changed":false,"footnotes":""},"class_list":["post-33268","page","type-page","status-publish","hentry"],"acf":[],"_links":{"self":[{"href":"https:\/\/dev.ciimar.up.pt\/pt-pt\/wp-json\/wp\/v2\/pages\/33268","targetHints":{"allow":["GET"]}}],"collection":[{"href":"https:\/\/dev.ciimar.up.pt\/pt-pt\/wp-json\/wp\/v2\/pages"}],"about":[{"href":"https:\/\/dev.ciimar.up.pt\/pt-pt\/wp-json\/wp\/v2\/types\/page"}],"author":[{"embeddable":true,"href":"https:\/\/dev.ciimar.up.pt\/pt-pt\/wp-json\/wp\/v2\/users\/1"}],"replies":[{"embeddable":true,"href":"https:\/\/dev.ciimar.up.pt\/pt-pt\/wp-json\/wp\/v2\/comments?post=33268"}],"version-history":[{"count":5,"href":"https:\/\/dev.ciimar.up.pt\/pt-pt\/wp-json\/wp\/v2\/pages\/33268\/revisions"}],"predecessor-version":[{"id":57429,"href":"https:\/\/dev.ciimar.up.pt\/pt-pt\/wp-json\/wp\/v2\/pages\/33268\/revisions\/57429"}],"up":[{"embeddable":true,"href":"https:\/\/dev.ciimar.up.pt\/pt-pt\/wp-json\/wp\/v2\/pages\/33258"}],"wp:attachment":[{"href":"https:\/\/dev.ciimar.up.pt\/pt-pt\/wp-json\/wp\/v2\/media?parent=33268"}],"curies":[{"name":"wp","href":"https:\/\/api.w.org\/{rel}","templated":true}]}}