{"id":33265,"date":"2023-06-27T09:56:52","date_gmt":"2023-06-27T09:56:52","guid":{"rendered":"https:\/\/work.glitz-design.com\/ciimar\/instalacoes"},"modified":"2025-05-30T10:09:37","modified_gmt":"2025-05-30T10:09:37","slug":"instalacoes","status":"publish","type":"page","link":"https:\/\/dev.ciimar.up.pt\/pt-pt\/ciimar\/instalacoes\/","title":{"rendered":"Instala\u00e7\u00f5es"},"content":{"rendered":"\t\t<div data-elementor-type=\"wp-page\" data-elementor-id=\"33265\" class=\"elementor elementor-33265 elementor-7025\" data-elementor-post-type=\"page\">\n\t\t\t\t<div class=\"elementor-element elementor-element-baf9a05 e-flex e-con-boxed e-con e-parent\" data-id=\"baf9a05\" data-element_type=\"container\" data-settings=\"{&quot;background_background&quot;:&quot;classic&quot;}\">\n\t\t\t\t\t<div class=\"e-con-inner\">\n\t\t\t\t<div class=\"elementor-element elementor-element-9550a18 elementor-widget elementor-widget-heading\" data-id=\"9550a18\" data-element_type=\"widget\" data-widget_type=\"heading.default\">\n\t\t\t\t<div class=\"elementor-widget-container\">\n\t\t\t\t\t<h1 class=\"elementor-heading-title elementor-size-default\">Sede social<\/h1>\t\t\t\t<\/div>\n\t\t\t\t<\/div>\n\t\t<div class=\"elementor-element elementor-element-a36f5e8 e-flex e-con-boxed e-con e-child\" data-id=\"a36f5e8\" data-element_type=\"container\" data-settings=\"{&quot;background_background&quot;:&quot;video&quot;,&quot;motion_fx_motion_fx_scrolling&quot;:&quot;yes&quot;,&quot;motion_fx_scale_effect&quot;:&quot;yes&quot;,&quot;motion_fx_scale_speed&quot;:{&quot;unit&quot;:&quot;px&quot;,&quot;size&quot;:-3,&quot;sizes&quot;:[]},&quot;motion_fx_scale_range&quot;:{&quot;unit&quot;:&quot;%&quot;,&quot;size&quot;:&quot;&quot;,&quot;sizes&quot;:{&quot;start&quot;:31,&quot;end&quot;:68}},&quot;background_video_link&quot;:&quot;https:\\\/\\\/vimeo.com\\\/871793295&quot;,&quot;background_play_on_mobile&quot;:&quot;yes&quot;,&quot;motion_fx_devices&quot;:[&quot;desktop&quot;,&quot;tablet&quot;],&quot;motion_fx_scale_direction&quot;:&quot;out-in&quot;}\">\n\t\t\t\t\t<div class=\"e-con-inner\">\n\t\t<div class=\"elementor-background-video-container\">\n\t\t\t\t\t\t\t<div class=\"elementor-background-video-embed\"><\/div>\n\t\t\t\t\t\t<\/div>\t\t\t<\/div>\n\t\t\t\t<\/div>\n\t\t\t\t<div class=\"elementor-element elementor-element-9a5435b elementor-widget__width-initial elementor-widget elementor-widget-heading\" data-id=\"9a5435b\" data-element_type=\"widget\" data-widget_type=\"heading.default\">\n\t\t\t\t<div class=\"elementor-widget-container\">\n\t\t\t\t\t<h2 class=\"elementor-heading-title elementor-size-default\">Instala\u00e7\u00f5es de ponta para investiga\u00e7\u00e3o, forma\u00e7\u00e3o e servi\u00e7os<\/h2>\t\t\t\t<\/div>\n\t\t\t\t<\/div>\n\t\t\t\t<div class=\"elementor-element elementor-element-2636a20 elementor-widget__width-initial elementor-widget elementor-widget-text-editor\" data-id=\"2636a20\" data-element_type=\"widget\" data-widget_type=\"text-editor.default\">\n\t\t\t\t<div class=\"elementor-widget-container\">\n\t\t\t\t\t\t\t\t\t<p><span style=\"color: #333333;\">Situado no cora\u00e7\u00e3o da ind\u00fastria e dos servi\u00e7os mar\u00edtimos<\/span> da regi\u00e3o Norte de Portugal (porto de Leix\u00f5es). O Centro disp\u00f5e de laborat\u00f3rios bem equipados para investiga\u00e7\u00e3o marinha e mar\u00edtima, plataformas tecnol\u00f3gicas de base, cultivo de micro e macroalgas em grande escala e instala\u00e7\u00f5es de experimenta\u00e7\u00e3o animal para organismos de \u00e1gua doce e marinhos aprovadas pela Autoridade Veterin\u00e1ria Portuguesa.<\/p>\t\t\t\t\t\t\t\t<\/div>\n\t\t\t\t<\/div>\n\t\t\t\t\t<\/div>\n\t\t\t\t<\/div>\n\t\t<div class=\"elementor-element elementor-element-029891c e-con-full e-flex e-con e-parent\" data-id=\"029891c\" data-element_type=\"container\">\n\t\t\t\t<div class=\"elementor-element elementor-element-d81e230 elementor-arrows-position-inside elementor-widget elementor-widget-image-carousel\" data-id=\"d81e230\" data-element_type=\"widget\" data-settings=\"{&quot;slides_to_show&quot;:&quot;3&quot;,&quot;navigation&quot;:&quot;arrows&quot;,&quot;autoplay_speed&quot;:0,&quot;speed&quot;:5000,&quot;image_spacing_custom&quot;:{&quot;unit&quot;:&quot;px&quot;,&quot;size&quot;:30,&quot;sizes&quot;:[]},&quot;slides_to_show_mobile&quot;:&quot;1&quot;,&quot;autoplay&quot;:&quot;yes&quot;,&quot;pause_on_hover&quot;:&quot;yes&quot;,&quot;pause_on_interaction&quot;:&quot;yes&quot;,&quot;infinite&quot;:&quot;yes&quot;,&quot;image_spacing_custom_tablet&quot;:{&quot;unit&quot;:&quot;px&quot;,&quot;size&quot;:&quot;&quot;,&quot;sizes&quot;:[]}}\" data-widget_type=\"image-carousel.default\">\n\t\t\t\t<div class=\"elementor-widget-container\">\n\t\t\t\t\t\t\t<div class=\"elementor-image-carousel-wrapper swiper\" role=\"region\" aria-roledescription=\"carousel\" aria-label=\"Carrossel de imagens\" dir=\"ltr\">\n\t\t\t<div class=\"elementor-image-carousel swiper-wrapper\" aria-live=\"off\">\n\t\t\t\t\t\t\t\t<div class=\"swiper-slide\" role=\"group\" aria-roledescription=\"slide\" aria-label=\"1 of 4\"><figure class=\"swiper-slide-inner\"><img decoding=\"async\" class=\"swiper-slide-image\" src=\"https:\/\/dev.ciimar.up.pt\/wp-content\/uploads\/2023\/07\/laboratorio_ciimar.jpg\" alt=\"laboratorio_ciimar\" \/><\/figure><\/div><div class=\"swiper-slide\" role=\"group\" aria-roledescription=\"slide\" aria-label=\"2 of 4\"><figure class=\"swiper-slide-inner\"><img decoding=\"async\" class=\"swiper-slide-image\" src=\"https:\/\/dev.ciimar.up.pt\/wp-content\/uploads\/2023\/09\/CIIMAR_Facilities1-1.jpg\" alt=\"CIIMAR_Facilities1-1\" \/><\/figure><\/div><div class=\"swiper-slide\" role=\"group\" aria-roledescription=\"slide\" aria-label=\"3 of 4\"><figure class=\"swiper-slide-inner\"><img decoding=\"async\" class=\"swiper-slide-image\" src=\"https:\/\/dev.ciimar.up.pt\/wp-content\/uploads\/2023\/06\/ciimar-lab-2.jpg\" alt=\"ciimar-lab-2\" \/><\/figure><\/div><div class=\"swiper-slide\" role=\"group\" aria-roledescription=\"slide\" aria-label=\"4 of 4\"><figure class=\"swiper-slide-inner\"><img decoding=\"async\" class=\"swiper-slide-image\" src=\"https:\/\/dev.ciimar.up.pt\/wp-content\/uploads\/2023\/09\/RTC_1364.jpg\" alt=\"RTC_1364\" \/><\/figure><\/div>\t\t\t<\/div>\n\t\t\t\t\t\t\t\t\t\t\t\t<div class=\"elementor-swiper-button elementor-swiper-button-prev\" role=\"button\" tabindex=\"0\">\n\t\t\t\t\t\t<i aria-hidden=\"true\" class=\"eicon-chevron-left\"><\/i>\t\t\t\t\t<\/div>\n\t\t\t\t\t<div class=\"elementor-swiper-button elementor-swiper-button-next\" role=\"button\" tabindex=\"0\">\n\t\t\t\t\t\t<i aria-hidden=\"true\" class=\"eicon-chevron-right\"><\/i>\t\t\t\t\t<\/div>\n\t\t\t\t\n\t\t\t\t\t\t\t\t\t<\/div>\n\t\t\t\t\t\t<\/div>\n\t\t\t\t<\/div>\n\t\t\t\t<\/div>\n\t\t<div class=\"elementor-element elementor-element-4705ebc e-flex e-con-boxed e-con e-parent\" data-id=\"4705ebc\" data-element_type=\"container\">\n\t\t\t\t\t<div class=\"e-con-inner\">\n\t\t<div class=\"elementor-element elementor-element-519e71a e-flex e-con-boxed e-con e-child\" data-id=\"519e71a\" data-element_type=\"container\">\n\t\t\t\t\t<div class=\"e-con-inner\">\n\t\t\t\t<div class=\"elementor-element elementor-element-0193b49 elementor-widget elementor-widget-heading\" data-id=\"0193b49\" data-element_type=\"widget\" data-widget_type=\"heading.default\">\n\t\t\t\t<div class=\"elementor-widget-container\">\n\t\t\t\t\t<h4 class=\"elementor-heading-title elementor-size-default\">Fazer uma visita virtual \u00e0 BOGA<\/h4>\t\t\t\t<\/div>\n\t\t\t\t<\/div>\n\t\t\t\t<div class=\"elementor-element elementor-element-17fe2d2 elementor-widget elementor-widget-heading\" data-id=\"17fe2d2\" data-element_type=\"widget\" data-widget_type=\"heading.default\">\n\t\t\t\t<div class=\"elementor-widget-container\">\n\t\t\t\t\t<h2 class=\"elementor-heading-title elementor-size-default\">Mergulhe no mundo<div>dos organismos aqu\u00e1ticos<\/div><\/h2>\t\t\t\t<\/div>\n\t\t\t\t<\/div>\n\t\t\t\t<div class=\"elementor-element elementor-element-4e4c16b elementor-widget__width-initial elementor-widget elementor-widget-text-editor\" data-id=\"4e4c16b\" data-element_type=\"widget\" data-widget_type=\"text-editor.default\">\n\t\t\t\t<div class=\"elementor-widget-container\">\n\t\t\t\t\t\t\t\t\t<p>O Biot\u00e9rio de Organismos Aqu\u00e1ticos (BOGA) do CIIMAR \u00e9 uma instala\u00e7\u00e3o de vanguarda, comprometida com os mais elevados padr\u00f5es de experimenta\u00e7\u00e3o e tratamento de organismos aqu\u00e1ticos. De macro e microalgas a peixes, cefal\u00f3podes e outros invertebrados, o BOGA oferece um ambiente exclusivo para o estudo e manuten\u00e7\u00e3o destes organismos. O BOGA desempenha um papel vital no avan\u00e7o da investiga\u00e7\u00e3o no CIIMAR, permitindo a investiga\u00e7\u00e3o ao mesmo tempo que promove o bem-estar dos organismos aqu\u00e1ticos<\/p>\t\t\t\t\t\t\t\t<\/div>\n\t\t\t\t<\/div>\n\t\t\t\t<div class=\"elementor-element elementor-element-74e8922 elementor-align-left elementor-mobile-align-center elementor-widget elementor-widget-button\" data-id=\"74e8922\" data-element_type=\"widget\" data-widget_type=\"button.default\">\n\t\t\t\t<div class=\"elementor-widget-container\">\n\t\t\t\t\t\t\t\t\t<div class=\"elementor-button-wrapper\">\n\t\t\t\t\t<a class=\"elementor-button elementor-button-link elementor-size-sm\" href=\"https:\/\/bogatour.ciimar.up.pt\" target=\"_blank\">\n\t\t\t\t\t\t<span class=\"elementor-button-content-wrapper\">\n\t\t\t\t\t\t<span class=\"elementor-button-icon\">\n\t\t\t\t<i aria-hidden=\"true\" class=\"fas fa-arrow-right\"><\/i>\t\t\t<\/span>\n\t\t\t\t\t\t\t\t\t<span class=\"elementor-button-text\">Visita virtual \u00e0 BOGA<\/span>\n\t\t\t\t\t<\/span>\n\t\t\t\t\t<\/a>\n\t\t\t\t<\/div>\n\t\t\t\t\t\t\t\t<\/div>\n\t\t\t\t<\/div>\n\t\t\t\t\t<\/div>\n\t\t\t\t<\/div>\n\t\t<div class=\"elementor-element elementor-element-89debd8 e-flex e-con-boxed e-con e-child\" data-id=\"89debd8\" data-element_type=\"container\">\n\t\t\t\t\t<div class=\"e-con-inner\">\n\t\t\t\t<div class=\"elementor-element elementor-element-4487da9 elementor-absolute elementor-widget elementor-widget-image\" data-id=\"4487da9\" data-element_type=\"widget\" data-settings=\"{&quot;_position&quot;:&quot;absolute&quot;,&quot;motion_fx_motion_fx_scrolling&quot;:&quot;yes&quot;,&quot;motion_fx_translateX_effect&quot;:&quot;yes&quot;,&quot;motion_fx_translateX_affectedRange&quot;:{&quot;unit&quot;:&quot;%&quot;,&quot;size&quot;:&quot;&quot;,&quot;sizes&quot;:{&quot;start&quot;:0,&quot;end&quot;:49}},&quot;motion_fx_translateX_speed&quot;:{&quot;unit&quot;:&quot;px&quot;,&quot;size&quot;:4,&quot;sizes&quot;:[]},&quot;motion_fx_devices&quot;:[&quot;desktop&quot;,&quot;tablet&quot;,&quot;mobile&quot;]}\" data-widget_type=\"image.default\">\n\t\t\t\t<div class=\"elementor-widget-container\">\n\t\t\t\t\t\t\t\t\t\t\t\t\t\t\t<img fetchpriority=\"high\" decoding=\"async\" width=\"1920\" height=\"769\" src=\"https:\/\/dev.ciimar.up.pt\/wp-content\/uploads\/2023\/06\/boga.png\" class=\"attachment-full size-full wp-image-30594\" alt=\"\" srcset=\"https:\/\/dev.ciimar.up.pt\/wp-content\/uploads\/2023\/06\/boga.png 1920w, https:\/\/dev.ciimar.up.pt\/wp-content\/uploads\/2023\/06\/boga-300x120.png 300w, https:\/\/dev.ciimar.up.pt\/wp-content\/uploads\/2023\/06\/boga-1024x410.png 1024w, https:\/\/dev.ciimar.up.pt\/wp-content\/uploads\/2023\/06\/boga-768x308.png 768w, https:\/\/dev.ciimar.up.pt\/wp-content\/uploads\/2023\/06\/boga-1536x615.png 1536w\" sizes=\"(max-width: 1920px) 100vw, 1920px\" \/>\t\t\t\t\t\t\t\t\t\t\t\t\t\t\t<\/div>\n\t\t\t\t<\/div>\n\t\t\t\t\t<\/div>\n\t\t\t\t<\/div>\n\t\t\t\t\t<\/div>\n\t\t\t\t<\/div>\n\t\t<div class=\"elementor-element elementor-element-3a88bd5 e-flex e-con-boxed e-con e-parent\" data-id=\"3a88bd5\" data-element_type=\"container\" data-settings=\"{&quot;background_background&quot;:&quot;classic&quot;}\">\n\t\t\t\t\t<div class=\"e-con-inner\">\n\t\t\t\t<div class=\"elementor-element elementor-element-a4a3048 elementor-widget elementor-widget-heading\" data-id=\"a4a3048\" data-element_type=\"widget\" data-widget_type=\"heading.default\">\n\t\t\t\t<div class=\"elementor-widget-container\">\n\t\t\t\t\t<h2 class=\"elementor-heading-title elementor-size-default\">Outras instala\u00e7\u00f5es<\/h2>\t\t\t\t<\/div>\n\t\t\t\t<\/div>\n\t\t\t\t<div class=\"elementor-element elementor-element-cedd25e elementor-widget__width-initial elementor-widget elementor-widget-text-editor\" data-id=\"cedd25e\" data-element_type=\"widget\" data-widget_type=\"text-editor.default\">\n\t\t\t\t<div class=\"elementor-widget-container\">\n\t\t\t\t\t\t\t\t\t<div class=\"page\" title=\"P\u00e1gina 8\">\n<div class=\"layoutArea\">\n<div class=\"column\">\n<div class=\"page\" title=\"P\u00e1gina 8\">\n<div class=\"layoutArea\">\n<div class=\"column\">\n<p>Para al\u00e9m da sua sede, o CIIMAR conta com outras instala\u00e7\u00f5es parceiras em cinco Unidades da U. Porto &#8211; ICBAS e Faculdades de Ci\u00eancias, Engenharia, Farm\u00e1cia e Direito &#8211; e no Polit\u00e9cnico do Porto, Universidade da Madeira e Instituto Portugu\u00eas do Mar e da Atmosfera (IPMA).<\/p>\n<\/div>\n<\/div>\n<\/div>\n<\/div>\n<\/div>\n<\/div>\t\t\t\t\t\t\t\t<\/div>\n\t\t\t\t<\/div>\n\t\t\t\t<div class=\"elementor-element elementor-element-a9a5830 elementor-widget elementor-widget-image\" data-id=\"a9a5830\" data-element_type=\"widget\" data-widget_type=\"image.default\">\n\t\t\t\t<div class=\"elementor-widget-container\">\n\t\t\t\t\t\t\t\t\t\t\t\t\t\t\t<img decoding=\"async\" width=\"800\" height=\"330\" src=\"https:\/\/dev.ciimar.up.pt\/wp-content\/uploads\/2023\/09\/facilities-1-1024x422.png\" class=\"attachment-large size-large wp-image-33185\" alt=\"\" srcset=\"https:\/\/dev.ciimar.up.pt\/wp-content\/uploads\/2023\/09\/facilities-1-1024x422.png 1024w, https:\/\/dev.ciimar.up.pt\/wp-content\/uploads\/2023\/09\/facilities-1-300x124.png 300w, https:\/\/dev.ciimar.up.pt\/wp-content\/uploads\/2023\/09\/facilities-1-768x316.png 768w, https:\/\/dev.ciimar.up.pt\/wp-content\/uploads\/2023\/09\/facilities-1-1536x632.png 1536w, https:\/\/dev.ciimar.up.pt\/wp-content\/uploads\/2023\/09\/facilities-1-2048x843.png 2048w\" sizes=\"(max-width: 800px) 100vw, 800px\" \/>\t\t\t\t\t\t\t\t\t\t\t\t\t\t\t<\/div>\n\t\t\t\t<\/div>\n\t\t\t\t<div class=\"elementor-element elementor-element-ca2a585 elementor-widget__width-initial elementor-icon-list--layout-traditional elementor-list-item-link-full_width elementor-widget elementor-widget-icon-list\" data-id=\"ca2a585\" data-element_type=\"widget\" data-widget_type=\"icon-list.default\">\n\t\t\t\t<div class=\"elementor-widget-container\">\n\t\t\t\t\t\t\t<ul class=\"elementor-icon-list-items\">\n\t\t\t\t\t\t\t<li class=\"elementor-icon-list-item\">\n\t\t\t\t\t\t\t\t\t\t\t<span class=\"elementor-icon-list-icon\">\n\t\t\t\t\t\t\t<svg xmlns=\"http:\/\/www.w3.org\/2000\/svg\" xmlns:xlink=\"http:\/\/www.w3.org\/1999\/xlink\" width=\"634px\" height=\"634px\" viewBox=\"0 0 634 634\"><title>1<\/title><g id=\"Page-1\" stroke=\"none\" stroke-width=\"1\" fill=\"none\" fill-rule=\"evenodd\"><g id=\"1\"><path d=\"M634,317 C634,492.112966 492.112966,634 317,634 C141.887034,634 0,492.112966 0,317 C0,141.887034 141.887034,0 317,0 C492.112966,0 634,141.887034 634,317\" id=\"Fill-5\" fill=\"#FFFFFF\"><\/path><polygon id=\"Fill-7\" fill=\"#000000\" points=\"241 212.344169 241 153 373 153 373 456 309.703911 456 309.703911 212.344169\"><\/polygon><\/g><\/g><\/svg>\t\t\t\t\t\t<\/span>\n\t\t\t\t\t\t\t\t\t\t<span class=\"elementor-icon-list-text\">CIIMAR - UP<\/span>\n\t\t\t\t\t\t\t\t\t<\/li>\n\t\t\t\t\t\t\t\t<li class=\"elementor-icon-list-item\">\n\t\t\t\t\t\t\t\t\t\t\t<span class=\"elementor-icon-list-icon\">\n\t\t\t\t\t\t\t<svg xmlns=\"http:\/\/www.w3.org\/2000\/svg\" xmlns:xlink=\"http:\/\/www.w3.org\/1999\/xlink\" width=\"634px\" height=\"634px\" viewBox=\"0 0 634 634\"><title>2<\/title><g id=\"Page-1\" stroke=\"none\" stroke-width=\"1\" fill=\"none\" fill-rule=\"evenodd\"><g id=\"2\"><path d=\"M634,317 C634,492.112966 492.112966,634 317,634 C141.887034,634 0,492.112966 0,317 C0,141.887034 141.887034,0 317,0 C492.112966,0 634,141.887034 634,317\" id=\"Fill-1\" fill=\"#FFFFFF\"><\/path><path d=\"M212.007166,456 L212.007166,406.840909 L311.828556,323.677033 C344.036935,296.941388 357.68247,278.090909 357.68247,253.203349 C357.68247,222.401914 342.561742,206.01555 315.516538,206.01555 C287.242007,206.01555 270.891951,225.235646 270.891951,259.240431 L205,259.240431 C205,191.230861 248.395259,147 315.024807,147 C384.11301,147 425.418412,184.208134 425.418412,249.014354 C425.418412,290.411483 400.463065,324.046651 362.968578,355.587321 L317.483462,393.657895 L428,393.657895 L428,455.13756 L212.007166,456 Z\" id=\"Fill-3\" fill=\"#000000\"><\/path><\/g><\/g><\/svg>\t\t\t\t\t\t<\/span>\n\t\t\t\t\t\t\t\t\t\t<span class=\"elementor-icon-list-text\">Universidade do Porto<\/span>\n\t\t\t\t\t\t\t\t\t<\/li>\n\t\t\t\t\t\t\t\t<li class=\"elementor-icon-list-item\">\n\t\t\t\t\t\t\t\t\t\t\t<span class=\"elementor-icon-list-icon\">\n\t\t\t\t\t\t\t<svg xmlns=\"http:\/\/www.w3.org\/2000\/svg\" xmlns:xlink=\"http:\/\/www.w3.org\/1999\/xlink\" width=\"634px\" height=\"634px\" viewBox=\"0 0 634 634\"><title>2<\/title><g id=\"Page-1\" stroke=\"none\" stroke-width=\"1\" fill=\"none\" fill-rule=\"evenodd\"><g id=\"2\"><path d=\"M634,317 C634,492.112966 492.112966,634 317,634 C141.887034,634 0,492.112966 0,317 C0,141.887034 141.887034,0 317,0 C492.112966,0 634,141.887034 634,317\" id=\"Fill-1\" fill=\"#FFFFFF\"><\/path><path d=\"M212.007166,456 L212.007166,406.840909 L311.828556,323.677033 C344.036935,296.941388 357.68247,278.090909 357.68247,253.203349 C357.68247,222.401914 342.561742,206.01555 315.516538,206.01555 C287.242007,206.01555 270.891951,225.235646 270.891951,259.240431 L205,259.240431 C205,191.230861 248.395259,147 315.024807,147 C384.11301,147 425.418412,184.208134 425.418412,249.014354 C425.418412,290.411483 400.463065,324.046651 362.968578,355.587321 L317.483462,393.657895 L428,393.657895 L428,455.13756 L212.007166,456 Z\" id=\"Fill-3\" fill=\"#000000\"><\/path><\/g><\/g><\/svg>\t\t\t\t\t\t<\/span>\n\t\t\t\t\t\t\t\t\t\t<span class=\"elementor-icon-list-text\">Polit\u00e9cnico do Porto - PP<\/span>\n\t\t\t\t\t\t\t\t\t<\/li>\n\t\t\t\t\t\t\t\t<li class=\"elementor-icon-list-item\">\n\t\t\t\t\t\t\t\t\t\t\t<span class=\"elementor-icon-list-icon\">\n\t\t\t\t\t\t\t<svg xmlns=\"http:\/\/www.w3.org\/2000\/svg\" xmlns:xlink=\"http:\/\/www.w3.org\/1999\/xlink\" width=\"634px\" height=\"634px\" viewBox=\"0 0 634 634\"><title>3<\/title><g id=\"Page-1\" stroke=\"none\" stroke-width=\"1\" fill=\"none\" fill-rule=\"evenodd\"><g id=\"3\"><path d=\"M634,317 C634,492.112966 492.112966,634 317,634 C141.887034,634 0,492.112966 0,317 C0,141.887034 141.887034,0 317,0 C492.112966,0 634,141.887034 634,317\" id=\"Fill-13\" fill=\"#FFFFFF\"><\/path><path d=\"M262.703168,313.332136 L262.703168,270.79002 C263.440245,269.929341 264.300167,269.560479 265.160089,268.822754 L330.882713,211.034331 L216.881601,211.034331 L216.881601,153 L413.80378,153 L413.80378,205.747305 L350.169539,261.814371 C390.954419,274.10978 424,306.815569 424,358.333333 C424,422.146507 372.650361,461 311.350195,461 C252.384102,461 203,424.974451 203,356.73493 L268.354086,356.73493 C268.354086,386.612774 286.289605,402.473852 312.947193,402.473852 C338.622012,402.473852 356.31184,384.891417 356.31184,357.964471 C356.31184,333.865469 342.307393,313.332136 306.682046,313.332136 L262.703168,313.332136 Z\" id=\"Fill-15\" fill=\"#000000\"><\/path><\/g><\/g><\/svg>\t\t\t\t\t\t<\/span>\n\t\t\t\t\t\t\t\t\t\t<span class=\"elementor-icon-list-text\">Instituto Portugu\u00eas do Mar e da Atmosfera<\/span>\n\t\t\t\t\t\t\t\t\t<\/li>\n\t\t\t\t\t\t\t\t<li class=\"elementor-icon-list-item\">\n\t\t\t\t\t\t\t\t\t\t\t<span class=\"elementor-icon-list-icon\">\n\t\t\t\t\t\t\t<svg xmlns=\"http:\/\/www.w3.org\/2000\/svg\" xmlns:xlink=\"http:\/\/www.w3.org\/1999\/xlink\" width=\"634px\" height=\"634px\" viewBox=\"0 0 634 634\"><title>4<\/title><g id=\"Page-1\" stroke=\"none\" stroke-width=\"1\" fill=\"none\" fill-rule=\"evenodd\"><g id=\"4\"><path d=\"M634,317 C634,492.112966 492.112966,634 317,634 C141.887034,634 0,492.112966 0,317 C0,141.887034 141.887034,0 317,0 C492.112966,0 634,141.887034 634,317\" id=\"Fill-9\" fill=\"#FFFFFF\"><\/path><path d=\"M312.945017,344.20642 L312.945017,226.256806 L232.605302,344.20642 L312.945017,344.20642 Z M375.664212,402.442503 L375.664212,456 L312.945017,456 L312.945017,402.442503 L162,402.442503 L162,344.20642 L292.860088,153 L375.664212,153 L375.664212,344.20642 L413,344.20642 L413,402.442503 L375.664212,402.442503 Z\" id=\"Fill-11\" fill=\"#000000\"><\/path><\/g><\/g><\/svg>\t\t\t\t\t\t<\/span>\n\t\t\t\t\t\t\t\t\t\t<span class=\"elementor-icon-list-text\">Universidade da Madeira<\/span>\n\t\t\t\t\t\t\t\t\t<\/li>\n\t\t\t\t\t\t<\/ul>\n\t\t\t\t\t\t<\/div>\n\t\t\t\t<\/div>\n\t\t\t\t<div class=\"elementor-element elementor-element-83d9d3f elementor-widget__width-initial elementor-widget elementor-widget-text-editor\" data-id=\"83d9d3f\" data-element_type=\"widget\" data-widget_type=\"text-editor.default\">\n\t\t\t\t<div class=\"elementor-widget-container\">\n\t\t\t\t\t\t\t\t\t<div class=\"page\" title=\"P\u00e1gina 8\"><div class=\"layoutArea\"><div class=\"column\"><div class=\"page\" title=\"P\u00e1gina 8\"><div class=\"layoutArea\"><div class=\"column\"><p>Juntamente com o Centro de Ci\u00eancias do Mar do Algarve (CCMAR-Algarve), o CIIMAR constitui o <span style=\"color: #11c5d9;\">Laborat\u00f3rio Associado CIMAR.<\/span><\/p><\/div><\/div><\/div><\/div><\/div><\/div>\t\t\t\t\t\t\t\t<\/div>\n\t\t\t\t<\/div>\n\t\t\t\t\t<\/div>\n\t\t\t\t<\/div>\n\t\t\t\t<\/div>\n\t\t","protected":false},"excerpt":{"rendered":"<p>Localiza-se no cora\u00e7\u00e3o da ind\u00fastria e servi\u00e7os mar\u00edtimos da regi\u00e3o Norte de Portugal (Porto de Leix\u00f5es). O Centro disp\u00f5e de laborat\u00f3rios bem equipados para investiga\u00e7\u00e3o marinha e mar\u00edtima, plataformas tecnol\u00f3gicas de base, cultivo de micro e macroalgas em grande escala e instala\u00e7\u00f5es de experimenta\u00e7\u00e3o animal para organismos de \u00e1gua doce e marinhos aprovadas pela Autoridade Veterin\u00e1ria Portuguesa.<\/p>\n","protected":false},"author":1,"featured_media":36849,"parent":33271,"menu_order":0,"comment_status":"closed","ping_status":"closed","template":"","meta":{"_acf_changed":false,"footnotes":""},"class_list":["post-33265","page","type-page","status-publish","has-post-thumbnail","hentry"],"acf":[],"_links":{"self":[{"href":"https:\/\/dev.ciimar.up.pt\/pt-pt\/wp-json\/wp\/v2\/pages\/33265","targetHints":{"allow":["GET"]}}],"collection":[{"href":"https:\/\/dev.ciimar.up.pt\/pt-pt\/wp-json\/wp\/v2\/pages"}],"about":[{"href":"https:\/\/dev.ciimar.up.pt\/pt-pt\/wp-json\/wp\/v2\/types\/page"}],"author":[{"embeddable":true,"href":"https:\/\/dev.ciimar.up.pt\/pt-pt\/wp-json\/wp\/v2\/users\/1"}],"replies":[{"embeddable":true,"href":"https:\/\/dev.ciimar.up.pt\/pt-pt\/wp-json\/wp\/v2\/comments?post=33265"}],"version-history":[{"count":12,"href":"https:\/\/dev.ciimar.up.pt\/pt-pt\/wp-json\/wp\/v2\/pages\/33265\/revisions"}],"predecessor-version":[{"id":63411,"href":"https:\/\/dev.ciimar.up.pt\/pt-pt\/wp-json\/wp\/v2\/pages\/33265\/revisions\/63411"}],"up":[{"embeddable":true,"href":"https:\/\/dev.ciimar.up.pt\/pt-pt\/wp-json\/wp\/v2\/pages\/33271"}],"wp:featuredmedia":[{"embeddable":true,"href":"https:\/\/dev.ciimar.up.pt\/pt-pt\/wp-json\/wp\/v2\/media\/36849"}],"wp:attachment":[{"href":"https:\/\/dev.ciimar.up.pt\/pt-pt\/wp-json\/wp\/v2\/media?parent=33265"}],"curies":[{"name":"wp","href":"https:\/\/api.w.org\/{rel}","templated":true}]}}