{"id":33226,"date":"2023-06-27T12:06:08","date_gmt":"2023-06-27T12:06:08","guid":{"rendered":"https:\/\/work.glitz-design.com\/ciimar\/investigacao"},"modified":"2024-05-21T14:59:03","modified_gmt":"2024-05-21T14:59:03","slug":"investigacao","status":"publish","type":"page","link":"https:\/\/dev.ciimar.up.pt\/pt-pt\/investigacao\/","title":{"rendered":"Investiga\u00e7\u00e3o"},"content":{"rendered":"\t\t<div data-elementor-type=\"wp-page\" data-elementor-id=\"33226\" class=\"elementor elementor-33226 elementor-7155\" data-elementor-post-type=\"page\">\n\t\t\t\t<div class=\"elementor-element elementor-element-8db9cc4 e-flex e-con-boxed e-con e-parent\" data-id=\"8db9cc4\" data-element_type=\"container\" data-settings=\"{&quot;background_background&quot;:&quot;gradient&quot;}\">\n\t\t\t\t\t<div class=\"e-con-inner\">\n\t\t\t\t<div class=\"elementor-element elementor-element-bda4eef elementor-widget elementor-widget-heading\" data-id=\"bda4eef\" data-element_type=\"widget\" data-widget_type=\"heading.default\">\n\t\t\t\t<div class=\"elementor-widget-container\">\n\t\t\t\t\t<h1 class=\"elementor-heading-title elementor-size-default\">Investiga\u00e7\u00e3o<\/h1>\t\t\t\t<\/div>\n\t\t\t\t<\/div>\n\t\t\t\t<div class=\"elementor-element elementor-element-7db3c7d elementor-widget__width-initial elementor-widget elementor-widget-heading\" data-id=\"7db3c7d\" data-element_type=\"widget\" data-settings=\"{&quot;motion_fx_motion_fx_scrolling&quot;:&quot;yes&quot;,&quot;motion_fx_scale_effect&quot;:&quot;yes&quot;,&quot;motion_fx_scale_speed&quot;:{&quot;unit&quot;:&quot;px&quot;,&quot;size&quot;:-3,&quot;sizes&quot;:[]},&quot;motion_fx_scale_range&quot;:{&quot;unit&quot;:&quot;%&quot;,&quot;size&quot;:&quot;&quot;,&quot;sizes&quot;:{&quot;start&quot;:53,&quot;end&quot;:100}},&quot;motion_fx_scale_direction&quot;:&quot;out-in&quot;,&quot;motion_fx_devices&quot;:[&quot;desktop&quot;,&quot;tablet&quot;,&quot;mobile&quot;]}\" data-widget_type=\"heading.default\">\n\t\t\t\t<div class=\"elementor-widget-container\">\n\t\t\t\t\t<h2 class=\"elementor-heading-title elementor-size-default\">Liderar o caminho, inovar atrav\u00e9s de solu\u00e7\u00f5es amigas do ambiente<\/h2>\t\t\t\t<\/div>\n\t\t\t\t<\/div>\n\t\t<div class=\"elementor-element elementor-element-990dba9 e-flex e-con-boxed e-con e-child\" data-id=\"990dba9\" data-element_type=\"container\" data-settings=\"{&quot;background_background&quot;:&quot;video&quot;,&quot;background_video_link&quot;:&quot;https:\\\/\\\/vimeo.com\\\/870594011&quot;,&quot;motion_fx_motion_fx_scrolling&quot;:&quot;yes&quot;,&quot;motion_fx_scale_effect&quot;:&quot;yes&quot;,&quot;motion_fx_scale_direction&quot;:&quot;in-out&quot;,&quot;motion_fx_scale_speed&quot;:{&quot;unit&quot;:&quot;px&quot;,&quot;size&quot;:-3,&quot;sizes&quot;:[]},&quot;motion_fx_scale_range&quot;:{&quot;unit&quot;:&quot;%&quot;,&quot;size&quot;:&quot;&quot;,&quot;sizes&quot;:{&quot;start&quot;:20,&quot;end&quot;:39}},&quot;motion_fx_devices&quot;:[&quot;desktop&quot;,&quot;tablet&quot;,&quot;mobile&quot;]}\">\n\t\t\t\t\t<div class=\"e-con-inner\">\n\t\t<div class=\"elementor-background-video-container elementor-hidden-mobile\">\n\t\t\t\t\t\t\t<div class=\"elementor-background-video-embed\"><\/div>\n\t\t\t\t\t\t<\/div>\t\t\t<\/div>\n\t\t\t\t<\/div>\n\t\t\t\t<div class=\"elementor-element elementor-element-417f1e4 elementor-grid-3 elementor-grid-tablet-2 elementor-grid-mobile-1 elementor-widget elementor-widget-loop-grid\" data-id=\"417f1e4\" data-element_type=\"widget\" data-settings=\"{&quot;template_id&quot;:34473,&quot;columns&quot;:3,&quot;_skin&quot;:&quot;post&quot;,&quot;columns_tablet&quot;:&quot;2&quot;,&quot;columns_mobile&quot;:&quot;1&quot;,&quot;edit_handle_selector&quot;:&quot;[data-elementor-type=\\&quot;loop-item\\&quot;]&quot;,&quot;row_gap&quot;:{&quot;unit&quot;:&quot;px&quot;,&quot;size&quot;:&quot;&quot;,&quot;sizes&quot;:[]},&quot;row_gap_tablet&quot;:{&quot;unit&quot;:&quot;px&quot;,&quot;size&quot;:&quot;&quot;,&quot;sizes&quot;:[]},&quot;row_gap_mobile&quot;:{&quot;unit&quot;:&quot;px&quot;,&quot;size&quot;:&quot;&quot;,&quot;sizes&quot;:[]}}\" data-widget_type=\"loop-grid.post\">\n\t\t\t\t<div class=\"elementor-widget-container\">\n\t\t\t\t\t\t\t<div class=\"elementor-loop-container elementor-grid\">\n\t\t<style id=\"loop-34473\">.elementor-34473 .elementor-element.elementor-element-612232d{--display:flex;--min-height:330px;--justify-content:center;--background-transition:0.3s;--border-radius:12px 12px 12px 12px;--padding-top:40px;--padding-bottom:40px;--padding-left:40px;--padding-right:40px;}.elementor-34473 .elementor-element.elementor-element-612232d:not(.elementor-motion-effects-element-type-background), .elementor-34473 .elementor-element.elementor-element-612232d > .elementor-motion-effects-container > .elementor-motion-effects-layer{background-color:#1F1F1F;}.elementor-34473 .elementor-element.elementor-element-612232d:hover{background-color:var( --e-global-color-b9adb88 );box-shadow:0px 0px 20px 0px rgba(0, 0, 0, 0.87);}.elementor-34473 .elementor-element.elementor-element-612232d.e-con:hover{--e-con-transform-scale:1.05;}.elementor-34473 .elementor-element.elementor-element-72c20f7{text-align:center;}.elementor-34473 .elementor-element.elementor-element-72c20f7 img{height:90px;object-fit:contain;object-position:center center;filter:brightness( 78% ) contrast( 100% ) saturate( 100% ) blur( 0px ) hue-rotate( 0deg );}.elementor-34473 .elementor-element.elementor-element-a4faef4{text-align:center;}.elementor-34473 .elementor-element.elementor-element-a4faef4 .elementor-heading-title{color:var( --e-global-color-secondary );}.elementor-34473 .elementor-element.elementor-element-1b9daf5{width:auto;max-width:auto;--icon-box-icon-margin:10px;}.elementor-34473 .elementor-element.elementor-element-1b9daf5.elementor-element{--align-self:center;}.elementor-34473 .elementor-element.elementor-element-1b9daf5 .elementor-icon-box-wrapper{text-align:right;}.elementor-34473 .elementor-element.elementor-element-1b9daf5.elementor-view-stacked .elementor-icon{background-color:var( --e-global-color-accent );}.elementor-34473 .elementor-element.elementor-element-1b9daf5.elementor-view-framed .elementor-icon, .elementor-34473 .elementor-element.elementor-element-1b9daf5.elementor-view-default .elementor-icon{fill:var( --e-global-color-accent );color:var( --e-global-color-accent );border-color:var( --e-global-color-accent );}.elementor-34473 .elementor-element.elementor-element-1b9daf5.elementor-view-stacked:has(:hover) .elementor-icon,\n\t\t\t\t\t .elementor-34473 .elementor-element.elementor-element-1b9daf5.elementor-view-stacked:has(:focus) .elementor-icon{background-color:var( --e-global-color-accent );}.elementor-34473 .elementor-element.elementor-element-1b9daf5.elementor-view-framed:has(:hover) .elementor-icon,\n\t\t\t\t\t .elementor-34473 .elementor-element.elementor-element-1b9daf5.elementor-view-default:has(:hover) .elementor-icon,\n\t\t\t\t\t .elementor-34473 .elementor-element.elementor-element-1b9daf5.elementor-view-framed:has(:focus) .elementor-icon,\n\t\t\t\t\t .elementor-34473 .elementor-element.elementor-element-1b9daf5.elementor-view-default:has(:focus) .elementor-icon{fill:var( --e-global-color-accent );color:var( --e-global-color-accent );border-color:var( --e-global-color-accent );}.elementor-34473 .elementor-element.elementor-element-1b9daf5 .elementor-icon{font-size:16px;}.elementor-34473 .elementor-element.elementor-element-1b9daf5 .elementor-icon-box-title, .elementor-34473 .elementor-element.elementor-element-1b9daf5 .elementor-icon-box-title a{font-size:15px;font-weight:800;line-height:0px;letter-spacing:0.6px;}.elementor-34473 .elementor-element.elementor-element-1b9daf5 .elementor-icon-box-title{color:var( --e-global-color-accent );}<\/style>\t\t<div data-elementor-type=\"loop-item\" data-elementor-id=\"34473\" class=\"elementor elementor-34473 elementor-8158 e-loop-item e-loop-item-55718 post-55718 research-lines type-research-lines status-publish hentry\" data-elementor-post-type=\"elementor_library\" data-custom-edit-handle=\"1\">\n\t\t\t<a data-dce-background-color=\"#1F1F1F\" class=\"elementor-element elementor-element-612232d e-transform e-transform e-flex e-con-boxed e-con e-parent\" data-id=\"612232d\" data-element_type=\"container\" data-settings=\"{&quot;background_background&quot;:&quot;classic&quot;,&quot;_transform_scale_effect_hover&quot;:{&quot;unit&quot;:&quot;px&quot;,&quot;size&quot;:1.05,&quot;sizes&quot;:[]},&quot;_transform_scale_effect&quot;:{&quot;unit&quot;:&quot;px&quot;,&quot;size&quot;:&quot;&quot;,&quot;sizes&quot;:[]},&quot;_transform_scale_effect_tablet&quot;:{&quot;unit&quot;:&quot;px&quot;,&quot;size&quot;:&quot;&quot;,&quot;sizes&quot;:[]},&quot;_transform_scale_effect_mobile&quot;:{&quot;unit&quot;:&quot;px&quot;,&quot;size&quot;:&quot;&quot;,&quot;sizes&quot;:[]},&quot;_transform_scale_effect_hover_tablet&quot;:{&quot;unit&quot;:&quot;px&quot;,&quot;size&quot;:&quot;&quot;,&quot;sizes&quot;:[]},&quot;_transform_scale_effect_hover_mobile&quot;:{&quot;unit&quot;:&quot;px&quot;,&quot;size&quot;:&quot;&quot;,&quot;sizes&quot;:[]}}\" href=\"https:\/\/dev.ciimar.up.pt\/pt-pt\/research-lines\/alteracoes-globais-e-servicos-dos-ecossistemas\/\">\n\t\t\t\t\t<div class=\"e-con-inner\">\n\t\t\t\t<div class=\"elementor-element elementor-element-72c20f7 elementor-widget elementor-widget-image\" data-id=\"72c20f7\" data-element_type=\"widget\" data-widget_type=\"image.default\">\n\t\t\t\t<div class=\"elementor-widget-container\">\n\t\t\t\t\t\t\t\t\t\t\t\t\t\t\t<img decoding=\"async\" width=\"189\" height=\"189\" src=\"https:\/\/dev.ciimar.up.pt\/wp-content\/uploads\/2023\/08\/Aquaculture@2x.png\" class=\"attachment-large size-large wp-image-30660\" alt=\"\" srcset=\"https:\/\/dev.ciimar.up.pt\/wp-content\/uploads\/2023\/08\/Aquaculture@2x.png 189w, https:\/\/dev.ciimar.up.pt\/wp-content\/uploads\/2023\/08\/Aquaculture@2x-150x150.png 150w\" sizes=\"(max-width: 189px) 100vw, 189px\" \/>\t\t\t\t\t\t\t\t\t\t\t\t\t\t\t<\/div>\n\t\t\t\t<\/div>\n\t\t\t\t<div class=\"elementor-element elementor-element-a4faef4 elementor-widget elementor-widget-heading\" data-id=\"a4faef4\" data-element_type=\"widget\" data-widget_type=\"heading.default\">\n\t\t\t\t<div class=\"elementor-widget-container\">\n\t\t\t\t\t<h4 class=\"elementor-heading-title elementor-size-default\">Altera\u00e7\u00f5es Globais e Servi\u00e7os dos Ecossistemas<\/h4>\t\t\t\t<\/div>\n\t\t\t\t<\/div>\n\t\t\t\t<div class=\"elementor-element elementor-element-1b9daf5 elementor-position-right elementor-widget__width-auto elementor-view-default elementor-mobile-position-top elementor-vertical-align-top elementor-widget elementor-widget-icon-box\" data-id=\"1b9daf5\" data-element_type=\"widget\" data-widget_type=\"icon-box.default\">\n\t\t\t\t<div class=\"elementor-widget-container\">\n\t\t\t\t\t\t\t<div class=\"elementor-icon-box-wrapper\">\n\n\t\t\t\t\t\t<div class=\"elementor-icon-box-icon\">\n\t\t\t\t<span  class=\"elementor-icon\">\n\t\t\t\t<i aria-hidden=\"true\" class=\"fas fa-arrow-right\"><\/i>\t\t\t\t<\/span>\n\t\t\t<\/div>\n\t\t\t\n\t\t\t\t\t\t<div class=\"elementor-icon-box-content\">\n\n\t\t\t\t\t\t\t\t\t<h3 class=\"elementor-icon-box-title\">\n\t\t\t\t\t\t<span  >\n\t\t\t\t\t\t\tSaber mais\t\t\t\t\t\t<\/span>\n\t\t\t\t\t<\/h3>\n\t\t\t\t\n\t\t\t\t\n\t\t\t<\/div>\n\t\t\t\n\t\t<\/div>\n\t\t\t\t\t\t<\/div>\n\t\t\t\t<\/div>\n\t\t\t\t\t<\/div>\n\t\t\t\t<\/a>\n\t\t\t\t<\/div>\n\t\t\t\t<div data-elementor-type=\"loop-item\" data-elementor-id=\"34473\" class=\"elementor elementor-34473 elementor-8158 e-loop-item e-loop-item-55719 post-55719 research-lines type-research-lines status-publish hentry\" data-elementor-post-type=\"elementor_library\" data-custom-edit-handle=\"1\">\n\t\t\t<a data-dce-background-color=\"#1F1F1F\" class=\"elementor-element elementor-element-612232d e-transform e-transform e-flex e-con-boxed e-con e-parent\" data-id=\"612232d\" data-element_type=\"container\" data-settings=\"{&quot;background_background&quot;:&quot;classic&quot;,&quot;_transform_scale_effect_hover&quot;:{&quot;unit&quot;:&quot;px&quot;,&quot;size&quot;:1.05,&quot;sizes&quot;:[]},&quot;_transform_scale_effect&quot;:{&quot;unit&quot;:&quot;px&quot;,&quot;size&quot;:&quot;&quot;,&quot;sizes&quot;:[]},&quot;_transform_scale_effect_tablet&quot;:{&quot;unit&quot;:&quot;px&quot;,&quot;size&quot;:&quot;&quot;,&quot;sizes&quot;:[]},&quot;_transform_scale_effect_mobile&quot;:{&quot;unit&quot;:&quot;px&quot;,&quot;size&quot;:&quot;&quot;,&quot;sizes&quot;:[]},&quot;_transform_scale_effect_hover_tablet&quot;:{&quot;unit&quot;:&quot;px&quot;,&quot;size&quot;:&quot;&quot;,&quot;sizes&quot;:[]},&quot;_transform_scale_effect_hover_mobile&quot;:{&quot;unit&quot;:&quot;px&quot;,&quot;size&quot;:&quot;&quot;,&quot;sizes&quot;:[]}}\" href=\"https:\/\/dev.ciimar.up.pt\/pt-pt\/research-lines\/biologia-aquacultura-e-qualidade-do-pescado\/\">\n\t\t\t\t\t<div class=\"e-con-inner\">\n\t\t\t\t<div class=\"elementor-element elementor-element-72c20f7 elementor-widget elementor-widget-image\" data-id=\"72c20f7\" data-element_type=\"widget\" data-widget_type=\"image.default\">\n\t\t\t\t<div class=\"elementor-widget-container\">\n\t\t\t\t\t\t\t\t\t\t\t\t\t\t\t<img decoding=\"async\" width=\"190\" height=\"189\" src=\"https:\/\/dev.ciimar.up.pt\/wp-content\/uploads\/2023\/08\/Global-Changes@2x.png\" class=\"attachment-large size-large wp-image-30659\" alt=\"\" srcset=\"https:\/\/dev.ciimar.up.pt\/wp-content\/uploads\/2023\/08\/Global-Changes@2x.png 190w, https:\/\/dev.ciimar.up.pt\/wp-content\/uploads\/2023\/08\/Global-Changes@2x-150x150.png 150w\" sizes=\"(max-width: 190px) 100vw, 190px\" \/>\t\t\t\t\t\t\t\t\t\t\t\t\t\t\t<\/div>\n\t\t\t\t<\/div>\n\t\t\t\t<div class=\"elementor-element elementor-element-a4faef4 elementor-widget elementor-widget-heading\" data-id=\"a4faef4\" data-element_type=\"widget\" data-widget_type=\"heading.default\">\n\t\t\t\t<div class=\"elementor-widget-container\">\n\t\t\t\t\t<h4 class=\"elementor-heading-title elementor-size-default\">Biologia, Aquacultura e Qualidade dos Produtos do Mar<\/h4>\t\t\t\t<\/div>\n\t\t\t\t<\/div>\n\t\t\t\t<div class=\"elementor-element elementor-element-1b9daf5 elementor-position-right elementor-widget__width-auto elementor-view-default elementor-mobile-position-top elementor-vertical-align-top elementor-widget elementor-widget-icon-box\" data-id=\"1b9daf5\" data-element_type=\"widget\" data-widget_type=\"icon-box.default\">\n\t\t\t\t<div class=\"elementor-widget-container\">\n\t\t\t\t\t\t\t<div class=\"elementor-icon-box-wrapper\">\n\n\t\t\t\t\t\t<div class=\"elementor-icon-box-icon\">\n\t\t\t\t<span  class=\"elementor-icon\">\n\t\t\t\t<i aria-hidden=\"true\" class=\"fas fa-arrow-right\"><\/i>\t\t\t\t<\/span>\n\t\t\t<\/div>\n\t\t\t\n\t\t\t\t\t\t<div class=\"elementor-icon-box-content\">\n\n\t\t\t\t\t\t\t\t\t<h3 class=\"elementor-icon-box-title\">\n\t\t\t\t\t\t<span  >\n\t\t\t\t\t\t\tSaber mais\t\t\t\t\t\t<\/span>\n\t\t\t\t\t<\/h3>\n\t\t\t\t\n\t\t\t\t\n\t\t\t<\/div>\n\t\t\t\n\t\t<\/div>\n\t\t\t\t\t\t<\/div>\n\t\t\t\t<\/div>\n\t\t\t\t\t<\/div>\n\t\t\t\t<\/a>\n\t\t\t\t<\/div>\n\t\t\t\t<div data-elementor-type=\"loop-item\" data-elementor-id=\"34473\" class=\"elementor elementor-34473 elementor-8158 e-loop-item e-loop-item-55720 post-55720 research-lines type-research-lines status-publish hentry\" data-elementor-post-type=\"elementor_library\" data-custom-edit-handle=\"1\">\n\t\t\t<a data-dce-background-color=\"#1F1F1F\" class=\"elementor-element elementor-element-612232d e-transform e-transform e-flex e-con-boxed e-con e-parent\" data-id=\"612232d\" data-element_type=\"container\" data-settings=\"{&quot;background_background&quot;:&quot;classic&quot;,&quot;_transform_scale_effect_hover&quot;:{&quot;unit&quot;:&quot;px&quot;,&quot;size&quot;:1.05,&quot;sizes&quot;:[]},&quot;_transform_scale_effect&quot;:{&quot;unit&quot;:&quot;px&quot;,&quot;size&quot;:&quot;&quot;,&quot;sizes&quot;:[]},&quot;_transform_scale_effect_tablet&quot;:{&quot;unit&quot;:&quot;px&quot;,&quot;size&quot;:&quot;&quot;,&quot;sizes&quot;:[]},&quot;_transform_scale_effect_mobile&quot;:{&quot;unit&quot;:&quot;px&quot;,&quot;size&quot;:&quot;&quot;,&quot;sizes&quot;:[]},&quot;_transform_scale_effect_hover_tablet&quot;:{&quot;unit&quot;:&quot;px&quot;,&quot;size&quot;:&quot;&quot;,&quot;sizes&quot;:[]},&quot;_transform_scale_effect_hover_mobile&quot;:{&quot;unit&quot;:&quot;px&quot;,&quot;size&quot;:&quot;&quot;,&quot;sizes&quot;:[]}}\" href=\"https:\/\/dev.ciimar.up.pt\/pt-pt\/research-lines\/biotecnologia-marinha\/\">\n\t\t\t\t\t<div class=\"e-con-inner\">\n\t\t\t\t<div class=\"elementor-element elementor-element-72c20f7 elementor-widget elementor-widget-image\" data-id=\"72c20f7\" data-element_type=\"widget\" data-widget_type=\"image.default\">\n\t\t\t\t<div class=\"elementor-widget-container\">\n\t\t\t\t\t\t\t\t\t\t\t\t\t\t\t<img decoding=\"async\" width=\"188\" height=\"188\" src=\"https:\/\/dev.ciimar.up.pt\/wp-content\/uploads\/2023\/08\/Marine-Biotechnology@2x.png\" class=\"attachment-large size-large wp-image-30661\" alt=\"\" srcset=\"https:\/\/dev.ciimar.up.pt\/wp-content\/uploads\/2023\/08\/Marine-Biotechnology@2x.png 188w, https:\/\/dev.ciimar.up.pt\/wp-content\/uploads\/2023\/08\/Marine-Biotechnology@2x-150x150.png 150w\" sizes=\"(max-width: 188px) 100vw, 188px\" \/>\t\t\t\t\t\t\t\t\t\t\t\t\t\t\t<\/div>\n\t\t\t\t<\/div>\n\t\t\t\t<div class=\"elementor-element elementor-element-a4faef4 elementor-widget elementor-widget-heading\" data-id=\"a4faef4\" data-element_type=\"widget\" data-widget_type=\"heading.default\">\n\t\t\t\t<div class=\"elementor-widget-container\">\n\t\t\t\t\t<h4 class=\"elementor-heading-title elementor-size-default\">Biotecnologia Marinha<\/h4>\t\t\t\t<\/div>\n\t\t\t\t<\/div>\n\t\t\t\t<div class=\"elementor-element elementor-element-1b9daf5 elementor-position-right elementor-widget__width-auto elementor-view-default elementor-mobile-position-top elementor-vertical-align-top elementor-widget elementor-widget-icon-box\" data-id=\"1b9daf5\" data-element_type=\"widget\" data-widget_type=\"icon-box.default\">\n\t\t\t\t<div class=\"elementor-widget-container\">\n\t\t\t\t\t\t\t<div class=\"elementor-icon-box-wrapper\">\n\n\t\t\t\t\t\t<div class=\"elementor-icon-box-icon\">\n\t\t\t\t<span  class=\"elementor-icon\">\n\t\t\t\t<i aria-hidden=\"true\" class=\"fas fa-arrow-right\"><\/i>\t\t\t\t<\/span>\n\t\t\t<\/div>\n\t\t\t\n\t\t\t\t\t\t<div class=\"elementor-icon-box-content\">\n\n\t\t\t\t\t\t\t\t\t<h3 class=\"elementor-icon-box-title\">\n\t\t\t\t\t\t<span  >\n\t\t\t\t\t\t\tSaber mais\t\t\t\t\t\t<\/span>\n\t\t\t\t\t<\/h3>\n\t\t\t\t\n\t\t\t\t\n\t\t\t<\/div>\n\t\t\t\n\t\t<\/div>\n\t\t\t\t\t\t<\/div>\n\t\t\t\t<\/div>\n\t\t\t\t\t<\/div>\n\t\t\t\t<\/a>\n\t\t\t\t<\/div>\n\t\t\t\t<\/div>\n\t\t\n\t\t\t\t\t\t<\/div>\n\t\t\t\t<\/div>\n\t\t\t\t<div class=\"elementor-element elementor-element-c0d5257 elementor-widget__width-initial elementor-widget elementor-widget-text-editor\" data-id=\"c0d5257\" data-element_type=\"widget\" data-widget_type=\"text-editor.default\">\n\t\t\t\t<div class=\"elementor-widget-container\">\n\t\t\t\t\t\t\t\t\t<p><span style=\"color: #ffffff;\">O Centro est\u00e1 cientificamente organizado em tr\u00eas Linhas Tem\u00e1ticas (Altera\u00e7\u00f5es Globais e Servi\u00e7os dos Ecossistemas, Biotecnologia e Biologia Marinha, Aquacultura e Qualidade dos Produtos do Mar), que se subdividem em 34 Grupos de Investiga\u00e7\u00e3o que contribuem com a\u00e7\u00f5es e resultados cient\u00edficos que se podem enquadrar numa ou mais Linhas Tem\u00e1ticas.<\/span><\/p>\t\t\t\t\t\t\t\t<\/div>\n\t\t\t\t<\/div>\n\t\t<div class=\"elementor-element elementor-element-a6c1f63 e-flex e-con-boxed e-con e-child\" data-id=\"a6c1f63\" data-element_type=\"container\">\n\t\t\t\t\t<div class=\"e-con-inner\">\n\t\t\t\t<div class=\"elementor-element elementor-element-4487c35 elementor-arrows-position-inside elementor-widget elementor-widget-image-carousel\" data-id=\"4487c35\" data-element_type=\"widget\" data-settings=\"{&quot;slides_to_show&quot;:&quot;1&quot;,&quot;navigation&quot;:&quot;arrows&quot;,&quot;autoplay_speed&quot;:3000,&quot;effect&quot;:&quot;fade&quot;,&quot;motion_fx_motion_fx_scrolling&quot;:&quot;yes&quot;,&quot;motion_fx_scale_effect&quot;:&quot;yes&quot;,&quot;motion_fx_scale_direction&quot;:&quot;in-out&quot;,&quot;motion_fx_scale_speed&quot;:{&quot;unit&quot;:&quot;px&quot;,&quot;size&quot;:-3,&quot;sizes&quot;:[]},&quot;motion_fx_scale_range&quot;:{&quot;unit&quot;:&quot;%&quot;,&quot;size&quot;:&quot;&quot;,&quot;sizes&quot;:{&quot;start&quot;:20,&quot;end&quot;:51}},&quot;autoplay&quot;:&quot;yes&quot;,&quot;pause_on_hover&quot;:&quot;yes&quot;,&quot;pause_on_interaction&quot;:&quot;yes&quot;,&quot;infinite&quot;:&quot;yes&quot;,&quot;speed&quot;:500,&quot;motion_fx_devices&quot;:[&quot;desktop&quot;,&quot;tablet&quot;,&quot;mobile&quot;]}\" data-widget_type=\"image-carousel.default\">\n\t\t\t\t<div class=\"elementor-widget-container\">\n\t\t\t\t\t\t\t<div class=\"elementor-image-carousel-wrapper swiper\" role=\"region\" aria-roledescription=\"carousel\" aria-label=\"Carrossel de imagens\" dir=\"ltr\">\n\t\t\t<div class=\"elementor-image-carousel swiper-wrapper\" aria-live=\"off\">\n\t\t\t\t\t\t\t\t<div class=\"swiper-slide\" role=\"group\" aria-roledescription=\"slide\" aria-label=\"1 of 3\"><figure class=\"swiper-slide-inner\"><img decoding=\"async\" class=\"swiper-slide-image\" src=\"https:\/\/dev.ciimar.up.pt\/wp-content\/uploads\/2023\/09\/thomas-beckett-405032-1.jpg\" alt=\"thomas-beckett-405032\" \/><\/figure><\/div><div class=\"swiper-slide\" role=\"group\" aria-roledescription=\"slide\" aria-label=\"2 of 3\"><figure class=\"swiper-slide-inner\"><img decoding=\"async\" class=\"swiper-slide-image\" src=\"https:\/\/dev.ciimar.up.pt\/wp-content\/uploads\/2023\/09\/sea-ocean-water-light-73759-2.jpg\" alt=\"sea-ocean-water-light-73759\" \/><\/figure><\/div><div class=\"swiper-slide\" role=\"group\" aria-roledescription=\"slide\" aria-label=\"3 of 3\"><figure class=\"swiper-slide-inner\"><img decoding=\"async\" class=\"swiper-slide-image\" src=\"https:\/\/dev.ciimar.up.pt\/wp-content\/uploads\/2023\/09\/lance-anderson-438724-unsplash-1.jpg\" alt=\"lance-anderson-438724-unsplash\" \/><\/figure><\/div>\t\t\t<\/div>\n\t\t\t\t\t\t\t\t\t\t\t\t<div class=\"elementor-swiper-button elementor-swiper-button-prev\" role=\"button\" tabindex=\"0\">\n\t\t\t\t\t\t<i aria-hidden=\"true\" class=\"eicon-chevron-left\"><\/i>\t\t\t\t\t<\/div>\n\t\t\t\t\t<div class=\"elementor-swiper-button elementor-swiper-button-next\" role=\"button\" tabindex=\"0\">\n\t\t\t\t\t\t<i aria-hidden=\"true\" class=\"eicon-chevron-right\"><\/i>\t\t\t\t\t<\/div>\n\t\t\t\t\n\t\t\t\t\t\t\t\t\t<\/div>\n\t\t\t\t\t\t<\/div>\n\t\t\t\t<\/div>\n\t\t\t\t<div class=\"elementor-element elementor-element-5f6995f elementor-widget__width-initial elementor-widget elementor-widget-text-editor\" data-id=\"5f6995f\" data-element_type=\"widget\" data-widget_type=\"text-editor.default\">\n\t\t\t\t<div class=\"elementor-widget-container\">\n\t\t\t\t\t\t\t\t\t<p><span style=\"color: var( --e-global-color-secondary );\">O CIIMAR implementa v\u00e1rios programas transversais para refor\u00e7ar a colabora\u00e7\u00e3o interdisciplinar entre as v\u00e1rias equipas.<\/span><\/p>\n\t\t\t\t\t\t\t\t<\/div>\n\t\t\t\t<\/div>\n\t\t\t\t\t<\/div>\n\t\t\t\t<\/div>\n\t\t\t\t\t<\/div>\n\t\t\t\t<\/div>\n\t\t\t\t<\/div>\n\t\t","protected":false},"excerpt":{"rendered":"<p>Investiga\u00e7\u00e3o Liderar o caminho, inovar atrav\u00e9s de solu\u00e7\u00f5es amigas do ambiente O Centro est\u00e1 cientificamente organizado em tr\u00eas Linhas Tem\u00e1ticas (Altera\u00e7\u00f5es Globais e Servi\u00e7os dos Ecossistemas, Biotecnologia e Biologia Marinha, Aquacultura e Qualidade dos Produtos do Mar), que se subdividem em 34 Grupos de Investiga\u00e7\u00e3o que contribuem com a\u00e7\u00f5es e resultados cient\u00edficos que se podem [&hellip;]<\/p>\n","protected":false},"author":1,"featured_media":0,"parent":0,"menu_order":0,"comment_status":"closed","ping_status":"closed","template":"","meta":{"_acf_changed":false,"footnotes":""},"class_list":["post-33226","page","type-page","status-publish","hentry"],"acf":[],"_links":{"self":[{"href":"https:\/\/dev.ciimar.up.pt\/pt-pt\/wp-json\/wp\/v2\/pages\/33226","targetHints":{"allow":["GET"]}}],"collection":[{"href":"https:\/\/dev.ciimar.up.pt\/pt-pt\/wp-json\/wp\/v2\/pages"}],"about":[{"href":"https:\/\/dev.ciimar.up.pt\/pt-pt\/wp-json\/wp\/v2\/types\/page"}],"author":[{"embeddable":true,"href":"https:\/\/dev.ciimar.up.pt\/pt-pt\/wp-json\/wp\/v2\/users\/1"}],"replies":[{"embeddable":true,"href":"https:\/\/dev.ciimar.up.pt\/pt-pt\/wp-json\/wp\/v2\/comments?post=33226"}],"version-history":[{"count":5,"href":"https:\/\/dev.ciimar.up.pt\/pt-pt\/wp-json\/wp\/v2\/pages\/33226\/revisions"}],"predecessor-version":[{"id":56942,"href":"https:\/\/dev.ciimar.up.pt\/pt-pt\/wp-json\/wp\/v2\/pages\/33226\/revisions\/56942"}],"wp:attachment":[{"href":"https:\/\/dev.ciimar.up.pt\/pt-pt\/wp-json\/wp\/v2\/media?parent=33226"}],"curies":[{"name":"wp","href":"https:\/\/api.w.org\/{rel}","templated":true}]}}